{"id":14,"date":"2017-02-24T16:52:52","date_gmt":"2017-02-24T16:52:52","guid":{"rendered":"http:\/\/heilungs-impulse.com\/?page_id=14"},"modified":"2017-09-11T12:37:10","modified_gmt":"2017-09-11T11:37:10","slug":"therapien","status":"publish","type":"page","link":"https:\/\/www.heilungs-impulse.de\/?page_id=14","title":{"rendered":"k\u00f6rperlich"},"content":{"rendered":"<h3><\/h3>\n<h3><span style=\"color: #b30000;\">HEILUNGSIMPULSE AUF DER K\u00d6RPERLICHEN EBENE<\/span><\/h3>\n<hr \/>\n<h4>Stoffwechselkur mit fermentierten Produkten<\/h4>\n<p>In unserer Darmflora leben Milliarden von Kleinstlebewesen wie Bakterien, die unser Immunsystem unterst\u00fctzen. In einem gesunden Darm sind etwa 500 verschiedene Arten zu finden, die den K\u00f6rper vor Schadstoffen sch\u00fctzen. Diese bilden das sogenannte Mikrobiom, auch Bauchhirn genannt. Hier sitzen \u00fcber 100 Millionen Nervenzellen, die direkt mit unserem Gehirn in Verbindung stehen. Das Mikrobiom beherbergt etwa 80 Prozent unseres Immunsystems \u2013 es schaltet Krankheitserreger aus und versorgt die Immunzellen mit wichtigen Informationen \u00fcber die momentane Belastung im Darm. So \u00fcbernimmt unser Verdauungstrakt wichtige K\u00f6rperfunktionen, die \u00fcber eine reine Verdauung hinausgehen.<\/p>\n<p>Im Darm ist es wichtig, dass die verschiedenen Arten der Darmbakterien im richtigen Verh\u00e4ltnis zueinanderstehen. Eine falsche Ern\u00e4hrung, Stress und Bewegungsmangel k\u00f6nnen dem Darmmilieu dauerhaft schaden. Die Mikroorganismen nehmen in der Darmwand ab und Krankheitserreger und Schadstoffe k\u00f6nnen sich ausbreiten.\u00a0 Bl\u00e4hungen, Kr\u00e4mpfe, Aufsto\u00dfen und ver\u00e4nderter Stuhlgang sind die Folge. Da unser Mikrobiom zum Gro\u00dfteil an der Immunantwort beteiligt ist, k\u00f6nnen auch Infektionskrankheiten, Allergien, Nahrungsmittelunvertr\u00e4glichkeiten und alle Stoffwechselkrankheiten die Folge sein.<\/p>\n<p>Hier ist es wichtig, mit einer Darmsanierung unseren K\u00f6rper zu entgiften und das Gleichgewicht in unserem Darmmilieu wiederherzustellen. Fermentprodukte f\u00f6rdern die Verdauung, regen das Immunsystem an, unterst\u00fctzen das Gleichgewicht der Darmflora und somit die gesamte mikrobiologische Situation (Mikrobiom) im K\u00f6rper. Je vielf\u00e4ltiger und ausgeglichener unsere Darmflora, umso leichter und effektiver kann unser Immunsystem auf St\u00f6rungen reagieren. Die Funktionalit\u00e4t des Darms hat Auswirkungen auf s\u00e4mtliche Bereiche des Wohlbefindens in K\u00f6rper, Geist und Seele.<\/p>\n<p>&nbsp;<\/p>\n<hr \/>\n<h4>Effektive Wirbels\u00e4ulenregeration<\/h4>\n<p>Bei dieser Art der Wirbels\u00e4ulenbehandlung wird der gesamte K\u00f6rper durch Beseitigung von Wirbelblockaden befreit<strong>. <\/strong>Durch die Behandlung der Schmerzpunkte mit dem Holzl\u00f6ffel l\u00e4sst die Spannung in der Muskulatur nach. In Folge werden die Blutgef\u00e4\u00dfe im ganzen K\u00f6rper weniger komprimiert, was positive Auswirkungen auf die Wirbels\u00e4ule, die inneren Organe und somit auf den gesamten K\u00f6rper hat.<\/p>\n<p>&nbsp;<\/p>\n","protected":false},"excerpt":{"rendered":"<p>HEILUNGSIMPULSE AUF DER K\u00d6RPERLICHEN EBENE Stoffwechselkur mit fermentierten Produkten In unserer Darmflora leben Milliarden von Kleinstlebewesen wie Bakterien, die unser Immunsystem unterst\u00fctzen. In einem gesunden Darm sind etwa 500 verschiedene Arten zu finden, die den K\u00f6rper vor Schadstoffen sch\u00fctzen. Diese bilden das sogenannte Mikrobiom, auch Bauchhirn genannt. Hier sitzen \u00fcber 100 Millionen Nervenzellen, die direkt <a class=\"read-more\" href=\"https:\/\/www.heilungs-impulse.de\/?page_id=14\">Read More<\/a><\/p>\n","protected":false},"author":1,"featured_media":0,"parent":2,"menu_order":0,"comment_status":"closed","ping_status":"closed","template":"template-full-width-no-page-title.php","meta":[],"_links":{"self":[{"href":"https:\/\/www.heilungs-impulse.de\/index.php?rest_route=\/wp\/v2\/pages\/14"}],"collection":[{"href":"https:\/\/www.heilungs-impulse.de\/index.php?rest_route=\/wp\/v2\/pages"}],"about":[{"href":"https:\/\/www.heilungs-impulse.de\/index.php?rest_route=\/wp\/v2\/types\/page"}],"author":[{"embeddable":true,"href":"https:\/\/www.heilungs-impulse.de\/index.php?rest_route=\/wp\/v2\/users\/1"}],"replies":[{"embeddable":true,"href":"https:\/\/www.heilungs-impulse.de\/index.php?rest_route=%2Fwp%2Fv2%2Fcomments&post=14"}],"version-history":[{"count":14,"href":"https:\/\/www.heilungs-impulse.de\/index.php?rest_route=\/wp\/v2\/pages\/14\/revisions"}],"predecessor-version":[{"id":320,"href":"https:\/\/www.heilungs-impulse.de\/index.php?rest_route=\/wp\/v2\/pages\/14\/revisions\/320"}],"up":[{"embeddable":true,"href":"https:\/\/www.heilungs-impulse.de\/index.php?rest_route=\/wp\/v2\/pages\/2"}],"wp:attachment":[{"href":"https:\/\/www.heilungs-impulse.de\/index.php?rest_route=%2Fwp%2Fv2%2Fmedia&parent=14"}],"curies":[{"name":"wp","href":"https:\/\/api.w.org\/{rel}","templated":true}]}}