{"id":147,"date":"2017-02-27T16:18:58","date_gmt":"2017-02-27T16:18:58","guid":{"rendered":"http:\/\/heilungs-impulse.com\/?page_id=147"},"modified":"2017-09-11T12:42:59","modified_gmt":"2017-09-11T11:42:59","slug":"energetisch","status":"publish","type":"page","link":"https:\/\/www.heilungs-impulse.de\/?page_id=147","title":{"rendered":"energetisch"},"content":{"rendered":"<h3><\/h3>\n<h3><span style=\"color: #b30202;\"><span style=\"color: #ffd000;\">HEILUNGSIMPULSE AUF DER ENERGETISCHEN EBENE<\/span><br \/>\n<\/span><\/h3>\n<p>Krankheit dringt immer erst in unser elektromagnetisches Feld ein, das unseren K\u00f6rper umgibt und durchdringt, bevor sie sich in unserem physischen K\u00f6rper manifestiert. Wir f\u00fchlen uns ersch\u00f6pft, m\u00fcde und merken, dass etwas nicht stimmt, jedoch lautet die Diagnose &#8222;psychosomatische Beschwerden&#8220;, wenn wir zum Arzt gehen. In der Energiemedizin ist allerdings bereits jetzt klar wahrnehmbar, wo die St\u00f6rung im Energiefeld sitzt und wie die Schwingungsenergie blockiert ist.<\/p>\n<p>Die energetische Blockade kann in diesem Stadium sehr gut mit energetischen Heilbehandlungen, Autopathie oder Hom\u00f6opathie behandelt werden, da diese Methoden auf der Schwingungsebene des Menschen heilen. Wirkt eine Energie-Blockade unbehandelt weiter auf den Menschen ein, resultiert daraus am Ende eine Krankheit im physischen K\u00f6rper.<\/p>\n<h4><\/h4>\n<hr \/>\n<h4><span style=\"color: #008000;\">Energetische Heilbehandlungen<\/span><\/h4>\n<p>Bei der Heil- und Energiearbeit wird das eleketromagnetische Feld gereinigt, gef\u00fcllt und stabilisiert. Dieses Energiefeld umgibt den K\u00f6rper und durchdringt und belebt jede einzelne Zelle. Das Energiefeld ist eng mit der Psychodynamik verkn\u00fcpft: es ist st\u00e4ndig in Bewegung und Ver\u00e4nderung, und im Austausch mit anderen.<\/p>\n<p>W\u00e4hrend der Heilbehandlung ist es m\u00f6glich, Blockaden zu entfernen, die durch fr\u00fchere Verletzungen im seelischen oder k\u00f6rperlichen Bereich entstanden sind. Durch die Arbeit im Energiefeld werden die k\u00f6rpereigenen Energien aktiviert, ausgeglichen und harmonisiert. Wir werden wieder mit dem Lebensfluss in Verbindung gebracht, was sich nach der Behandlung in einem seelischen und k\u00f6rperlichen Wohlgef\u00fchl \u00e4u\u00dfert.<\/p>\n<p>&nbsp;<\/p>\n<h5><span style=\"color: #008000;\">Einige Anwendungsbeispiele der energetischen Arbeit:<\/span><\/h5>\n<ul>\n<li>Sportverletzungen<\/li>\n<li>Narbenentst\u00f6rungen<\/li>\n<li>Kl\u00e4rung des Energiefeldes nach Chemotherapie<\/li>\n<li>Wirbels\u00e4ulenreinigung<\/li>\n<\/ul>\n<h4><\/h4>\n<p>&nbsp;<\/p>\n<hr \/>\n<h4><span style=\"color: #33cccc;\">Autopathie<\/span><\/h4>\n<p>Die Autopathie ist eine ganzheitliche positive Beeinflussung des menschlichen Organismus. Diese neue Methode hat ihren Ursprung in der klassischen Hom\u00f6opathie und verwendet Grunds\u00e4tze, die dem Erfahrungsschatz der Hom\u00f6opathie entsprechen. Sie wurde von dem tschechischen Hom\u00f6opathen Jiri Cehovsky entwickelt. Es handelt sich um potenzierte, aus dem eigenen Speichel, Atem oder Prana gewonnene, spezifische Informationen der zu behandelnden Person.<\/p>\n<p>Das durch die Verd\u00fcnnung mit Wasser auf energetische Ebene erh\u00f6hte Pr\u00e4parat stimuliert und belebt auf Basis des Resonanzprinzips die feinstofflichen Lebensenergien, in der Hom\u00f6opathie als Vitalkraft, der traditionellen chinesischen Medizin als Qi und der indischen Tradition als Prana bezeichnet. Die Autopathie ist au\u00dfergew\u00f6hnlich heilsam, auch in F\u00e4llen, in denen Patienten nach jahrelanger, unbefriedigender Behandlung die Hoffnung verloren hatten oder als unheilbar galten. Jeder Patient stellt sein eigenes autopathisches Pr\u00e4parat nach einer einfachen Anleitung mit Hilfe der autopathischen Flasche bei sich zuhause selbst her.<\/p>\n<p>F\u00fcr weitere Informationen kommen Sie hier auf die Webseite von Jiri Cehovsky: <a href=\"http:\/\/www.autopathie.de\">http:\/\/www.autopathie.de<\/a><\/p>\n<p>&nbsp;<\/p>\n<hr \/>\n<h4><span style=\"color: #0000ff;\">Klassische Hom\u00f6opathie<\/span><\/h4>\n<p>H\u00e4ufig begegnet man der Meinung, die Hom\u00f6opathie sei ein Sammelbegriff verschiedenster &#8222;alternativer&#8220;Heilmethoden. Dies trifft jedoch nicht zu. Die hom\u00f6opathische Therapie ist eine eigenst\u00e4ndige Heilmethode mit klar definierten Gesetzen. Der Patient wird vom Hom\u00f6opathen nicht nur unter dem Aspekt der Krankheit betrachtet, sondern als ganzer Mensch aus K\u00f6rper und Geist, Herz und Seele. Auf allen Ebenen erf\u00e4hrt er durch die Behandlung mehr Wohlbefinden.<\/p>\n<p>Die Hom\u00f6opathie regt die Lebensenergien des K\u00f6rpers an und stellt durch gezielte Medikation das verlorene Gleichgewicht im Organismus wieder her. Jeder Mensch erh\u00e4lt sein pers\u00f6nliches, auf seinen individuellen Zustand abgestimmtes Arzneimittel.<\/p>\n<p>In akuten wie chronischen Krankheitszust\u00e4nden ist die Hom\u00f6opathie in der der Lage, sanft, dauerhaft und auf dem k\u00fcrzesten Weg die Gesundheit wieder herzustellen. Besonders bei langwierigen Leiden wie Migr\u00e4ne, Allergien und psychosomatischen Krankheiten \u00fcberzeugt sie durch ihre Heilerfolge.<\/p>\n","protected":false},"excerpt":{"rendered":"<p>HEILUNGSIMPULSE AUF DER ENERGETISCHEN EBENE Krankheit dringt immer erst in unser elektromagnetisches Feld ein, das unseren K\u00f6rper umgibt und durchdringt, bevor sie sich in unserem physischen K\u00f6rper manifestiert. Wir f\u00fchlen uns ersch\u00f6pft, m\u00fcde und merken, dass etwas nicht stimmt, jedoch lautet die Diagnose &#8222;psychosomatische Beschwerden&#8220;, wenn wir zum Arzt gehen. In der Energiemedizin ist allerdings <a class=\"read-more\" href=\"https:\/\/www.heilungs-impulse.de\/?page_id=147\">Read More<\/a><\/p>\n","protected":false},"author":1,"featured_media":0,"parent":2,"menu_order":1,"comment_status":"closed","ping_status":"closed","template":"template-full-width-no-page-title.php","meta":[],"_links":{"self":[{"href":"https:\/\/www.heilungs-impulse.de\/index.php?rest_route=\/wp\/v2\/pages\/147"}],"collection":[{"href":"https:\/\/www.heilungs-impulse.de\/index.php?rest_route=\/wp\/v2\/pages"}],"about":[{"href":"https:\/\/www.heilungs-impulse.de\/index.php?rest_route=\/wp\/v2\/types\/page"}],"author":[{"embeddable":true,"href":"https:\/\/www.heilungs-impulse.de\/index.php?rest_route=\/wp\/v2\/users\/1"}],"replies":[{"embeddable":true,"href":"https:\/\/www.heilungs-impulse.de\/index.php?rest_route=%2Fwp%2Fv2%2Fcomments&post=147"}],"version-history":[{"count":18,"href":"https:\/\/www.heilungs-impulse.de\/index.php?rest_route=\/wp\/v2\/pages\/147\/revisions"}],"predecessor-version":[{"id":299,"href":"https:\/\/www.heilungs-impulse.de\/index.php?rest_route=\/wp\/v2\/pages\/147\/revisions\/299"}],"up":[{"embeddable":true,"href":"https:\/\/www.heilungs-impulse.de\/index.php?rest_route=\/wp\/v2\/pages\/2"}],"wp:attachment":[{"href":"https:\/\/www.heilungs-impulse.de\/index.php?rest_route=%2Fwp%2Fv2%2Fmedia&parent=147"}],"curies":[{"name":"wp","href":"https:\/\/api.w.org\/{rel}","templated":true}]}}