{"id":16,"date":"2017-02-24T16:53:38","date_gmt":"2017-02-24T16:53:38","guid":{"rendered":"http:\/\/heilungs-impulse.com\/?page_id=16"},"modified":"2018-05-15T13:35:21","modified_gmt":"2018-05-15T12:35:21","slug":"kontakt","status":"publish","type":"page","link":"https:\/\/www.heilungs-impulse.de\/?page_id=16","title":{"rendered":"Kontakt"},"content":{"rendered":"<hr \/>\n<h4><span style=\"color: #ffcc00;\">Womit kann ich Sie unterst\u00fctzen?<\/span><\/h4>\n<p>Haben Sie eine Frage zu meiner Arbeitsweise? M\u00f6chten Sie sich genauer \u00fcber die einzelnen Therapien informieren?<\/p>\n<p>Sie k\u00f6nnen gerne telefonisch oder per Email Kontakt mit mir aufnehmen.<\/p>\n<p>Unten sehen Sie die Kontaktm\u00f6glichkeiten.<\/p>\n<p><img decoding=\"async\" loading=\"lazy\" class=\"wp-image-123 alignleft\" src=\"https:\/\/heilungs-impulse.com\/wp-content\/uploads\/2017\/02\/Bl\u00fcte-Struktur-transparent-1-300x300.png\" alt=\"\" width=\"151\" height=\"151\" srcset=\"https:\/\/www.heilungs-impulse.de\/wp-content\/uploads\/2017\/02\/Bl\u00fcte-Struktur-transparent-1-300x300.png 300w, https:\/\/www.heilungs-impulse.de\/wp-content\/uploads\/2017\/02\/Bl\u00fcte-Struktur-transparent-1-150x150.png 150w, https:\/\/www.heilungs-impulse.de\/wp-content\/uploads\/2017\/02\/Bl\u00fcte-Struktur-transparent-1.png 550w\" sizes=\"(max-width: 151px) 100vw, 151px\" \/><\/p>\n","protected":false},"excerpt":{"rendered":"<p>Womit kann ich Sie unterst\u00fctzen? Haben Sie eine Frage zu meiner Arbeitsweise? M\u00f6chten Sie sich genauer \u00fcber die einzelnen Therapien informieren? Sie k\u00f6nnen gerne telefonisch oder per Email Kontakt mit mir aufnehmen. Unten sehen Sie die Kontaktm\u00f6glichkeiten.<\/p>\n","protected":false},"author":1,"featured_media":0,"parent":0,"menu_order":2,"comment_status":"closed","ping_status":"closed","template":"template-full-width-no-page-title.php","meta":[],"_links":{"self":[{"href":"https:\/\/www.heilungs-impulse.de\/index.php?rest_route=\/wp\/v2\/pages\/16"}],"collection":[{"href":"https:\/\/www.heilungs-impulse.de\/index.php?rest_route=\/wp\/v2\/pages"}],"about":[{"href":"https:\/\/www.heilungs-impulse.de\/index.php?rest_route=\/wp\/v2\/types\/page"}],"author":[{"embeddable":true,"href":"https:\/\/www.heilungs-impulse.de\/index.php?rest_route=\/wp\/v2\/users\/1"}],"replies":[{"embeddable":true,"href":"https:\/\/www.heilungs-impulse.de\/index.php?rest_route=%2Fwp%2Fv2%2Fcomments&post=16"}],"version-history":[{"count":11,"href":"https:\/\/www.heilungs-impulse.de\/index.php?rest_route=\/wp\/v2\/pages\/16\/revisions"}],"predecessor-version":[{"id":370,"href":"https:\/\/www.heilungs-impulse.de\/index.php?rest_route=\/wp\/v2\/pages\/16\/revisions\/370"}],"wp:attachment":[{"href":"https:\/\/www.heilungs-impulse.de\/index.php?rest_route=%2Fwp%2Fv2%2Fmedia&parent=16"}],"curies":[{"name":"wp","href":"https:\/\/api.w.org\/{rel}","templated":true}]}}