{"id":208,"date":"2017-03-04T22:53:42","date_gmt":"2017-03-04T21:53:42","guid":{"rendered":"http:\/\/heilungs-impulse.com\/?page_id=208"},"modified":"2017-09-11T13:10:12","modified_gmt":"2017-09-11T12:10:12","slug":"home","status":"publish","type":"page","link":"https:\/\/www.heilungs-impulse.de\/","title":{"rendered":"Willkommen"},"content":{"rendered":"<h6><\/h6>\n<p>&nbsp;<\/p>\n<h2 style=\"text-align: center;\"><span style=\"color: #ffae00;\"><span style=\"color: #ffcc00;\">Herzlich willkommen auf der Webseite meiner Heilpraxis!<\/span><strong><br \/>\n<\/strong><\/span><\/h2>\n<p>&nbsp;<\/p>\n<p>Krisen und Krankheiten sind Momente im Leben, in denen wir uns neu ordnen. Wir k\u00f6nnen dieses &#8222;Unwohlsein&#8220; nutzen, genauer hinzusp\u00fcren und somit in Kontakt mit uns zu kommen. Was bedeutet diese Situation f\u00fcr mich? Was kann ich daraus lernen?<\/p>\n<p>Eine Krankheit kann als Botschaft gesehen werden, der Schl\u00fcssel zur Heilung liegt an ihrem Ursprung &#8211; h\u00e4ufig sind dies fr\u00fchere Verletzungen im k\u00f6rperlichen oder seelischen Bereich. Wenn wir hier die L\u00f6sung suchen, f\u00fchren wir eine tiefgreifende Ver\u00e4nderung herbei, die unser pers\u00f6nliches Leben mehr mit dem Kern unseres eigenen Seins, unserer Essenz, verbindet. Heilung bedeutet somit auch immer pers\u00f6nliches Wachstum.<\/p>\n<p>Hierbei kann ich Sie mit Heilungsimpulsen im k\u00f6rperlichen, energetischen und spirituellen Bereich unterst\u00fctzen. Dadurch wird eine Ver\u00e4nderung im Inneren angesto\u00dfen und die Selbstheilungskr\u00e4fte werden aktiviert. Sie k\u00f6nnen zu neuem Wohlbefinden auf allen Ebenen des Seins gelangen. Diese Ver\u00e4nderung in Ihrem K\u00f6rper f\u00fchrt immer zu gr\u00f6\u00dferer Heilung und umfassenderem Bewusstsein.<\/p>\n<p>&nbsp;<\/p>\n","protected":false},"excerpt":{"rendered":"<p>&nbsp; Herzlich willkommen auf der Webseite meiner Heilpraxis! &nbsp; Krisen und Krankheiten sind Momente im Leben, in denen wir uns neu ordnen. Wir k\u00f6nnen dieses &#8222;Unwohlsein&#8220; nutzen, genauer hinzusp\u00fcren und somit in Kontakt mit uns zu kommen. Was bedeutet diese Situation f\u00fcr mich? Was kann ich daraus lernen? Eine Krankheit kann als Botschaft gesehen werden, <a class=\"read-more\" href=\"https:\/\/www.heilungs-impulse.de\/\">Read More<\/a><\/p>\n","protected":false},"author":1,"featured_media":0,"parent":0,"menu_order":0,"comment_status":"closed","ping_status":"closed","template":"template-full-width-no-page-title.php","meta":[],"_links":{"self":[{"href":"https:\/\/www.heilungs-impulse.de\/index.php?rest_route=\/wp\/v2\/pages\/208"}],"collection":[{"href":"https:\/\/www.heilungs-impulse.de\/index.php?rest_route=\/wp\/v2\/pages"}],"about":[{"href":"https:\/\/www.heilungs-impulse.de\/index.php?rest_route=\/wp\/v2\/types\/page"}],"author":[{"embeddable":true,"href":"https:\/\/www.heilungs-impulse.de\/index.php?rest_route=\/wp\/v2\/users\/1"}],"replies":[{"embeddable":true,"href":"https:\/\/www.heilungs-impulse.de\/index.php?rest_route=%2Fwp%2Fv2%2Fcomments&post=208"}],"version-history":[{"count":16,"href":"https:\/\/www.heilungs-impulse.de\/index.php?rest_route=\/wp\/v2\/pages\/208\/revisions"}],"predecessor-version":[{"id":422,"href":"https:\/\/www.heilungs-impulse.de\/index.php?rest_route=\/wp\/v2\/pages\/208\/revisions\/422"}],"wp:attachment":[{"href":"https:\/\/www.heilungs-impulse.de\/index.php?rest_route=%2Fwp%2Fv2%2Fmedia&parent=208"}],"curies":[{"name":"wp","href":"https:\/\/api.w.org\/{rel}","templated":true}]}}