{"id":280,"date":"2017-09-11T11:45:23","date_gmt":"2017-09-11T10:45:23","guid":{"rendered":"http:\/\/heilungs-impulse.com\/?page_id=280"},"modified":"2026-04-21T11:17:27","modified_gmt":"2026-04-21T10:17:27","slug":"vitalanalyse","status":"publish","type":"page","link":"https:\/\/www.heilungs-impulse.de\/?page_id=280","title":{"rendered":"Vitalanalyse"},"content":{"rendered":"<h2><\/h2>\n<h2 style=\"text-align: center;\"><span style=\"color: #008000;\">Ganzheitliche Stoffwechselanalyse<\/span><\/h2>\n<h3 style=\"text-align: center;\"><span style=\"color: #333333;\">Der Gesundheits-Check ohne Blutentnahme<\/span><\/h3>\n<h4 style=\"text-align: center;\"><span style=\"color: #ffcc00;\">zeitgem\u00e4\u00df \u2013 kosteng\u00fcnstig &#8211; effektiv<\/span><\/h4>\n<hr \/>\n<p><span style=\"color: #333333;\">Physiologische Vorg\u00e4nge im K\u00f6rper von Mensch und Tier werden durch elektromagnetische Schwingungen gesteuert. Auch Organe, gesund oder krank, haben ein ganz individuelles Schwingungsspektrum. Die Stoffwechselanalyse ist ein ganzheitliches Diagnose-Prinzip, basierend auf den k\u00f6rpereigenen Schwingungen, der Bioresonanz. Das Analyseger\u00e4t nutzt die k\u00f6rpereigenen Schwingungen, die der aktuellen, physiologischen Situation entsprechen. So kann man mit dieser Analyse den menschlichen K\u00f6rperzustand und eventuelle Dysbalancen darstellen. Dar\u00fcber hinaus werden die Stoffwechselsituation und der dementsprechende Mikron\u00e4hrstoffbedarf ermittelt.<\/span><\/p>\n<h6><span style=\"color: #008000;\">\u00dcber 200 Parameter werden analysiert!<\/span><\/h6>\n<p><span style=\"color: #333333;\">W\u00e4hrend der individuellen Analyse erhalten Sie wertvolle, zielgerichtete Informationen sowie Ern\u00e4hrungstipps und L\u00f6sungen, mit Hilfe derer Sie sofort beginnen k\u00f6nnen, Ihren K\u00f6rper zu unterst\u00fctzen und positiv zu beeinflussen.<\/span><\/p>\n<h6><span style=\"color: #008000;\">Wie funktioniert eine Stoffwechselanalyse?<\/span><\/h6>\n<p><span style=\"color: #333333;\">Mittels einer Hand-Elektrode werden v\u00f6llig ungef\u00e4hrliche Skalar-Wellen in den K\u00f6rper gesendet, die in Resonanz mit dem K\u00f6rper gehen (Bioresonanz). Durch die elektronische Analyse und Vergleichsauswertung dieser Informationen mit umfangreichen Daten aus einer permanenten Forschung ist es m\u00f6glich, in sehr kurzer Zeit Ergebnisse f\u00fcr eine analytische Beurteilung zur Verf\u00fcgung zu stellen.<\/span><\/p>\n<hr \/>\n<h6><span style=\"color: #008000;\">Messergebnisse k\u00f6nnen f\u00fcr folgende Bereiche dargestellt werden:<\/span><\/h6>\n<ul>\n<li>Vitamine, Mineralien und Spurenelemente<\/li>\n<li>Aminos\u00e4uren und Coenzyme<\/li>\n<li>Homotoxine und Schwermetallbelastung, wie Blei, Quecksilber, Aluminium, Arsen usw.<\/li>\n<li>Allgemeine K\u00f6rperdaten, wie S\u00e4ure-Basen-Haushalt<\/li>\n<li>Kardio-, zerebrovaskul\u00e4res und endokrines System<\/li>\n<li>Magen-Darm-Funktionen wie Darmt\u00e4tigkeit, Darmflora und Zustand von Magen, D\u00fcnn- und Dickdarm<\/li>\n<li>Funktionen von Herz, Lunge, Leber, Gallenblase und Nieren<\/li>\n<li>Lymph- und Immunsystem<\/li>\n<\/ul>\n<h6><\/h6>\n<hr \/>\n<h6><span style=\"color: #008000;\">Worin besteht der Unterschied zu anderen Analyseger\u00e4ten?<\/span><\/h6>\n<p><span style=\"color: #333333;\">Dieses Diagnostik-Verfahren wurde f\u00fcr die russische Raumfahrt entwickelt. Der Vieva Vitalstoff-Analyser ist eine Entwicklung der 2. Generation, worin die Erfahrung von \u00fcber 2.000 Analysen verarbeitet wurden. Dieses Analyseger\u00e4t ist auf dem neuesten technischen Stand. St\u00f6rungen von au\u00dfen, wie z.B. Handy-, WLAN oder sonstige Funkstrahlen beeinflussen die Analyse-Ergebnisse nicht.<\/span><\/p>\n<hr \/>\n<h6><span style=\"color: #008000;\">Kosten:<\/span><\/h6>\n<p><span style=\"color: #333333;\">Die erste Stoffwechselanalyse mit einem Ausdruck aller Ergebnisse sowie einer individuellen Beratung (Dauer etwa 50 Minuten), Ern\u00e4hrungstipps und einem ausf\u00fchrlichen Ausdruck der auff\u00e4lligen Ergebnisse mit medizinischen Erkl\u00e4rungen und empfehlenswerten L\u00f6sungen:\u00a0 \u00a0 \u00a0 \u00a0 \u00a0 \u00a0 \u00a0 \u00a0 \u00a0 \u00a0 \u00a0 \u00a0 \u00a0 \u00a0 \u00a0 \u00a0 \u00a0 \u00a0 \u00a0 \u00a0 \u00a0 \u00a0 \u00a0 \u00a0 \u00a0 \u00a0 \u20ac 100.-<\/span><\/p>\n<p><span style=\"color: #333333;\">Jede folgende Stoffwechselanalyse mit einem Ausdruck aller Ergebnisse im Vergleich zu der vorherigen Analyse, einer Beratung (40 Minuten Dauer) sowie einem Ausdruck der auff\u00e4lligen Ergebnisse mit weiteren empfehlenswerten L\u00f6sungen und Erkl\u00e4rungen:\u00a0 \u00a0 \u00a0 \u00a0 \u00a0 \u00a0 \u00a0 \u00a0 \u00a0 \u00a0 \u00a0 \u00a0 \u00a0 \u00a0 \u00a0 \u00a0 \u00a0 \u00a0 \u00a0 \u00a0 \u00a0 \u00a0 \u00a0 \u00a0 \u00a0 \u00a0 \u00a0 \u00a0 \u00a0 \u20ac 80.- bis 90.-<\/span><\/p>\n","protected":false},"excerpt":{"rendered":"<p>Ganzheitliche Stoffwechselanalyse Der Gesundheits-Check ohne Blutentnahme zeitgem\u00e4\u00df \u2013 kosteng\u00fcnstig &#8211; effektiv Physiologische Vorg\u00e4nge im K\u00f6rper von Mensch und Tier werden durch elektromagnetische Schwingungen gesteuert. Auch Organe, gesund oder krank, haben ein ganz individuelles Schwingungsspektrum. Die Stoffwechselanalyse ist ein ganzheitliches Diagnose-Prinzip, basierend auf den k\u00f6rpereigenen Schwingungen, der Bioresonanz. Das Analyseger\u00e4t nutzt die k\u00f6rpereigenen Schwingungen, die der <a class=\"read-more\" href=\"https:\/\/www.heilungs-impulse.de\/?page_id=280\">Read More<\/a><\/p>\n","protected":false},"author":1,"featured_media":0,"parent":2,"menu_order":4,"comment_status":"closed","ping_status":"closed","template":"template-full-width-no-page-title.php","meta":[],"_links":{"self":[{"href":"https:\/\/www.heilungs-impulse.de\/index.php?rest_route=\/wp\/v2\/pages\/280"}],"collection":[{"href":"https:\/\/www.heilungs-impulse.de\/index.php?rest_route=\/wp\/v2\/pages"}],"about":[{"href":"https:\/\/www.heilungs-impulse.de\/index.php?rest_route=\/wp\/v2\/types\/page"}],"author":[{"embeddable":true,"href":"https:\/\/www.heilungs-impulse.de\/index.php?rest_route=\/wp\/v2\/users\/1"}],"replies":[{"embeddable":true,"href":"https:\/\/www.heilungs-impulse.de\/index.php?rest_route=%2Fwp%2Fv2%2Fcomments&post=280"}],"version-history":[{"count":13,"href":"https:\/\/www.heilungs-impulse.de\/index.php?rest_route=\/wp\/v2\/pages\/280\/revisions"}],"predecessor-version":[{"id":427,"href":"https:\/\/www.heilungs-impulse.de\/index.php?rest_route=\/wp\/v2\/pages\/280\/revisions\/427"}],"up":[{"embeddable":true,"href":"https:\/\/www.heilungs-impulse.de\/index.php?rest_route=\/wp\/v2\/pages\/2"}],"wp:attachment":[{"href":"https:\/\/www.heilungs-impulse.de\/index.php?rest_route=%2Fwp%2Fv2%2Fmedia&parent=280"}],"curies":[{"name":"wp","href":"https:\/\/api.w.org\/{rel}","templated":true}]}}